{"id":8803,"date":"2024-12-11T18:49:07","date_gmt":"2024-12-11T17:49:07","guid":{"rendered":"https:\/\/www.sophiecerny.com\/de\/?post_type=product&#038;p=8803"},"modified":"2025-03-13T10:11:01","modified_gmt":"2025-03-13T09:11:01","slug":"jungfrau-event-mit-sophie-cerny","status":"publish","type":"product","link":"https:\/\/www.sophiecerny.com\/de\/produkt\/jungfrau-event-mit-sophie-cerny\/","title":{"rendered":"JUNGFRAU EVENT"},"content":{"rendered":"<p style=\"font-weight: 400;\"><strong>Was dich bei dem 1 1\/2 \u20132-st\u00fcndigen Online Jungfrau Event erwartet:<\/strong><\/p>\n<ul>\n<li style=\"font-weight: 400;\">Du lernst in der Tiefe die Energieform der Jungfrau kennen<\/li>\n<li style=\"font-weight: 400;\">Wof\u00fcr brauchst du diese Energieform der Jungfrau<\/li>\n<li style=\"font-weight: 400;\">Was sind die gr\u00f6\u00dften Zw\u00e4nge dieser Energieform<\/li>\n<li style=\"font-weight: 400;\">Was sind die gr\u00f6\u00dften Herausforderungen der Jungfrau<\/li>\n<li style=\"font-weight: 400;\">Wie kommst du in die hohen Bewusstseinsstufen der Jungfrau<\/li>\n<li style=\"font-weight: 400;\">Was ist die Lebensb\u00fchne der Jungfrau<\/li>\n<li style=\"font-weight: 400;\">Wof\u00fcr soll die Jungfrau losgehen und was sind ihre Berufsbilder<\/li>\n<li style=\"font-weight: 400; text-align: left;\">Warum ist es so wichtig die Jungfrau zu integrieren<br \/>\n<strong style=\"font-family: var(--global-body-font-family);\">+ Sternzeichen Chart aller Bewusstseinsstufen\u00a0<\/strong><\/li>\n<\/ul>\n<p><strong>Wenn du mehrere oder alle Energieformen kennenlernen m\u00f6chtest, gibt es spezielle Paketpreise f\u00fcr dich.<\/strong><\/p>\n<p>PAKETPREISE: (werden beim Check-Out angezeigt)<strong><br \/>\n12 Sternzeichen Events\u00a0990\u20ac statt 2.664\u20ac<br \/>\n6 Sternzeichen Events\u00a0770\u20ac statt 1.332\u20ac<br \/>\n3 Sternzeichen Events 550\u20ac statt 666\u20ac<\/strong><\/p>\n","protected":false},"excerpt":{"rendered":"<p style=\"font-weight: 400;\"><strong>Wusstest du, das Bewusstsein bedeutetet alle Energien abrufen zu k\u00f6nnen und zu sein? Und zwar die 12 Lebensenergien, auch bekannt als Sternzeichen.<\/strong><\/p>\n<p style=\"font-weight: 400;\"><strong>Unabh\u00e4ngig davon welches Sternzeichen du bist, jede der 12 Energieformen, wirst du in deinem Leben brauchen. Denn jede Energieform hat spezielle F\u00e4higkeiten und Talente, die wichtig sind, in dein Leben zu integrieren, um alles zu kreieren, was du m\u00f6chtest.<\/strong><\/p>\n<p>Wenn du ein Gewahrsein \u00fcber die 12 Lebensenergien hast und lernst sie zu integrieren, kannst du sie genau in den Momenten abrufen, wo du sie gerade brauchst.<\/p>\n","protected":false},"featured_media":9135,"comment_status":"closed","ping_status":"closed","template":"","meta":{"_kadence_starter_templates_imported_post":false,"_kad_post_transparent":"default","_kad_post_title":"","_kad_post_layout":"default","_kad_post_sidebar_id":"","_kad_post_content_style":"default","_kad_post_vertical_padding":"default","_kad_post_feature":"","_kad_post_feature_position":"","_kad_post_header":false,"_kad_post_footer":false},"product_brand":[],"product_cat":[537],"product_tag":[],"class_list":{"0":"post-8803","1":"product","2":"type-product","3":"status-publish","4":"has-post-thumbnail","6":"product_cat-sternzeichen","8":"first","9":"instock","10":"downloadable","11":"virtual","12":"taxable","13":"purchasable","14":"product-type-simple","15":"entry","16":"content-bg","17":"loop-entry"},"_links":{"self":[{"href":"https:\/\/www.sophiecerny.com\/de\/wp-json\/wp\/v2\/product\/8803","targetHints":{"allow":["GET"]}}],"collection":[{"href":"https:\/\/www.sophiecerny.com\/de\/wp-json\/wp\/v2\/product"}],"about":[{"href":"https:\/\/www.sophiecerny.com\/de\/wp-json\/wp\/v2\/types\/product"}],"replies":[{"embeddable":true,"href":"https:\/\/www.sophiecerny.com\/de\/wp-json\/wp\/v2\/comments?post=8803"}],"wp:featuredmedia":[{"embeddable":true,"href":"https:\/\/www.sophiecerny.com\/de\/wp-json\/wp\/v2\/media\/9135"}],"wp:attachment":[{"href":"https:\/\/www.sophiecerny.com\/de\/wp-json\/wp\/v2\/media?parent=8803"}],"wp:term":[{"taxonomy":"product_brand","embeddable":true,"href":"https:\/\/www.sophiecerny.com\/de\/wp-json\/wp\/v2\/product_brand?post=8803"},{"taxonomy":"product_cat","embeddable":true,"href":"https:\/\/www.sophiecerny.com\/de\/wp-json\/wp\/v2\/product_cat?post=8803"},{"taxonomy":"product_tag","embeddable":true,"href":"https:\/\/www.sophiecerny.com\/de\/wp-json\/wp\/v2\/product_tag?post=8803"}],"curies":[{"name":"wp","href":"https:\/\/api.w.org\/{rel}","templated":true}]}}